{"id":484,"date":"2023-05-08T15:01:28","date_gmt":"2023-05-08T18:01:28","guid":{"rendered":"https:\/\/transparencia.defensoria.df.gov.br\/?page_id=484"},"modified":"2024-08-05T16:04:49","modified_gmt":"2024-08-05T19:04:49","slug":"servidores","status":"publish","type":"page","link":"https:\/\/transparencia.defensoria.df.gov.br\/?page_id=484","title":{"rendered":"Servidores"},"content":{"rendered":"\t\t<div data-elementor-type=\"wp-page\" data-elementor-id=\"484\" class=\"elementor elementor-484\" data-elementor-settings=\"{&quot;ha_cmc_init_switcher&quot;:&quot;no&quot;}\">\n\t\t\t\t\t\t<section class=\"elementor-section elementor-top-section elementor-element elementor-element-3001218 elementor-section-boxed elementor-section-height-default elementor-section-height-default jltma-glass-effect-no\" data-id=\"3001218\" data-element_type=\"section\" data-e-type=\"section\" data-settings=\"{&quot;background_background&quot;:&quot;classic&quot;,&quot;_ha_eqh_enable&quot;:false}\">\n\t\t\t\t\t\t\t<div class=\"elementor-background-overlay\"><\/div>\n\t\t\t\t\t\t\t<div class=\"elementor-container elementor-column-gap-default\">\n\t\t\t\t\t<div class=\"elementor-column elementor-col-100 elementor-top-column elementor-element elementor-element-ae24fef jltma-glass-effect-no\" data-id=\"ae24fef\" data-element_type=\"column\" data-e-type=\"column\">\n\t\t\t<div class=\"elementor-widget-wrap elementor-element-populated\">\n\t\t\t\t\t\t<div class=\"elementor-element elementor-element-98bc200 jltma-glass-effect-no elementor-widget elementor-widget-image\" data-id=\"98bc200\" data-element_type=\"widget\" data-e-type=\"widget\" data-widget_type=\"image.default\">\n\t\t\t\t<div class=\"elementor-widget-container\">\n\t\t\t\t\t\t\t\t\t\t\t\t\t\t\t<img fetchpriority=\"high\" decoding=\"async\" width=\"1024\" height=\"576\" src=\"https:\/\/transparencia.defensoria.df.gov.br\/wp-content\/uploads\/2023\/08\/WhatsApp-Image-2023-08-28-at-18.34.03-1-1024x576.jpeg\" class=\"attachment-large size-large wp-image-2637\" alt=\"Foto de capa escrito Remunera\u00e7\u00e3o de servidores\" srcset=\"https:\/\/transparencia.defensoria.df.gov.br\/wp-content\/uploads\/2023\/08\/WhatsApp-Image-2023-08-28-at-18.34.03-1-1024x576.jpeg 1024w, https:\/\/transparencia.defensoria.df.gov.br\/wp-content\/uploads\/2023\/08\/WhatsApp-Image-2023-08-28-at-18.34.03-1-300x169.jpeg 300w, https:\/\/transparencia.defensoria.df.gov.br\/wp-content\/uploads\/2023\/08\/WhatsApp-Image-2023-08-28-at-18.34.03-1-768x432.jpeg 768w, https:\/\/transparencia.defensoria.df.gov.br\/wp-content\/uploads\/2023\/08\/WhatsApp-Image-2023-08-28-at-18.34.03-1.jpeg 1280w\" sizes=\"(max-width: 1024px) 100vw, 1024px\" \/>\t\t\t\t\t\t\t\t\t\t\t\t\t\t\t<\/div>\n\t\t\t\t<\/div>\n\t\t\t\t\t<\/div>\n\t\t<\/div>\n\t\t\t\t\t<\/div>\n\t\t<\/section>\n\t\t\t\t<section class=\"elementor-section elementor-top-section elementor-element elementor-element-700319e elementor-section-boxed elementor-section-height-default elementor-section-height-default jltma-glass-effect-no\" data-id=\"700319e\" data-element_type=\"section\" data-e-type=\"section\" data-settings=\"{&quot;_ha_eqh_enable&quot;:false}\">\n\t\t\t\t\t\t<div class=\"elementor-container elementor-column-gap-default\">\n\t\t\t\t\t<div class=\"elementor-column elementor-col-100 elementor-top-column elementor-element elementor-element-8f4fbf1 jltma-glass-effect-no\" data-id=\"8f4fbf1\" data-element_type=\"column\" data-e-type=\"column\">\n\t\t\t<div class=\"elementor-widget-wrap elementor-element-populated\">\n\t\t\t\t\t\t<div class=\"elementor-element elementor-element-2fc4a67 jltma-glass-effect-no elementor-widget elementor-widget-spacer\" data-id=\"2fc4a67\" data-element_type=\"widget\" data-e-type=\"widget\" data-widget_type=\"spacer.default\">\n\t\t\t\t<div class=\"elementor-widget-container\">\n\t\t\t\t\t\t\t<div class=\"elementor-spacer\">\n\t\t\t<div class=\"elementor-spacer-inner\"><\/div>\n\t\t<\/div>\n\t\t\t\t\t\t<\/div>\n\t\t\t\t<\/div>\n\t\t\t\t<div class=\"elementor-element elementor-element-e5edd44 jltma-glass-effect-no elementor-widget elementor-widget-text-editor\" data-id=\"e5edd44\" data-element_type=\"widget\" data-e-type=\"widget\" data-widget_type=\"text-editor.default\">\n\t\t\t\t<div class=\"elementor-widget-container\">\n\t\t\t\t\t\t\t\t\t<p>Prezado Cidad\u00e3o,<\/p>\n<p>A consulta referente aos servidores p\u00fablicos est\u00e1 dispon\u00edvel no Portal da Transpar\u00eancia do Distrito Federal, de maneira detalhada e tamb\u00e9m no aplicativo para dispositivos m\u00f3veis, \u201cSiga Bras\u00edlia\u201d, em linguagem de f\u00e1cil compreens\u00e3o e poder\u00e3o ser acessados a partir do seguinte endere\u00e7o eletr\u00f4nico:<\/p>\n<ul>\n<li><span style=\"color: #000000;\"><strong>Portal da Transpar\u00eancia do Distrito Federal \u2013 DF:<\/strong><\/span><\/li>\n<li><span style=\"color: #000000;\"><a style=\"color: #000000;\" href=\"https:\/\/www.transparencia.df.gov.br\/#\/servidores\/remuneracao\"><span style=\"color: #008000;\">https:\/\/www.transparencia.df.gov.br\/#\/servidores\/remuneracao<\/span><\/a><\/span><\/li>\n<li><span style=\"color: #000000;\">Em atendimento \u00e0&nbsp;<span class=\"selectable-text copyable-text\">Lei n\u00ba 5.802<\/span>&nbsp;, de 10 de janeiro de 2017, foram tamb\u00e9m disponibilizadas no Portal da Transpar\u00eancia do DF, consultas relativas aos cargos em comiss\u00e3o, aos de provimento efetivo ocupados e aos vagos em cada \u00f3rg\u00e3o ou entidade:<\/span><\/li>\n<li><span style=\"color: #000000;\"><strong>Cargos Comissionados:<\/strong><\/span><\/li>\n<li><span style=\"color: #000000;\"><a style=\"color: #000000;\" href=\"https:\/\/www.transparencia.df.gov.br\/#\/servidores\/cargo-comissionado\"><span style=\"color: #008000;\">https:\/\/www.transparencia.df.gov.br\/#\/servidores\/cargo-comissionado<\/span><\/a><\/span><\/li>\n<\/ul>\n<p><span style=\"color: #000000;\"><strong>Cargos Efetivos:<\/strong><\/span><\/p>\n<ol>\n<li><span style=\"color: #008000;\"><a style=\"color: #008000;\" href=\"https:\/\/www.transparencia.df.gov.br\/#\/servidores\/cargo-efetivo\">https:\/\/www.transparencia.df.gov.br\/#\/servidores\/cargo-efetivo<\/a><\/span><\/li>\n<\/ol>\n<p><span style=\"text-decoration: underline;\"><span style=\"color: #000000; text-decoration: underline;\">Os documentos abaixo apresentam a sequ\u00eancia ilustrada para a realiza\u00e7\u00e3o das consultas:<\/span><\/span><\/p>\n<ul>\n<li><span style=\"color: #000000;\"><strong>POP \u2013 Portal da Transpar\u00eancia \u2013 Consultar Remunera\u00e7\u00e3o de Servidores.pdf<\/strong>&nbsp;<span style=\"color: #008000;\">(<strong><a style=\"color: #008000;\" href=\"http:\/\/transparencia.defensoria.df.gov.br\/wp-content\/uploads\/2023\/08\/POP-Portal-da-Transparencia-Consultar-Remuneracao-de-Servidores-DPDF-1.pdf\" target=\"_blank\" rel=\"noopener\">CLIQUE AQUI)<\/a>.<\/strong><\/span><\/span><\/li>\n<li><span style=\"color: #000000;\"><strong>POP \u2013 Portal da Transpar\u00eancia \u2013 Consultar Cargos Comissionados.pdf<\/strong>&nbsp;(<span style=\"color: #008000;\"><strong><a style=\"color: #008000;\" href=\"http:\/\/transparencia.defensoria.df.gov.br\/wp-content\/uploads\/2023\/08\/POP-Portal-da-Transparencia-Consultar-Cargos-Comissionados.pdf\" target=\"_blank\" rel=\"noopener\">CLIQUE&nbsp;AQUI<\/a><\/strong><\/span>)<\/span><\/li>\n<li><span style=\"color: #000000;\"><strong>POP \u2013 Portal da Transpar\u00eancia \u2013 Consultar Cargos Efetivos.pdf (<span style=\"color: #008000;\"><a style=\"color: #008000;\" href=\"http:\/\/transparencia.defensoria.df.gov.br\/wp-content\/uploads\/2023\/08\/POP-Portal-da-Transparencia-Consultar-Cargos-Efetivos.pdf\">CLIQUE&nbsp;AQUI<\/a><\/span>).<\/strong><\/span><\/li>\n<\/ul>\n<p style=\"text-align: center;\"><span style=\"color: #000000;\">Atenciosamente,<\/span><\/p>\n<p style=\"text-align: center;\"><span style=\"color: #000000;\">Defensoria P\u00fablica do Distrito Federal \u2013 DPDF<\/span><\/p>\n<p style=\"text-align: center;\"><span style=\"color: #000000;\">Atualizado em: 04\/2024<\/span><\/p>\t\t\t\t\t\t\t\t<\/div>\n\t\t\t\t<\/div>\n\t\t\t\t\t<\/div>\n\t\t<\/div>\n\t\t\t\t\t<\/div>\n\t\t<\/section>\n\t\t\t\t<\/div>\n\t\t","protected":false},"excerpt":{"rendered":"<p>Prezado Cidad\u00e3o, A consulta referente aos servidores p\u00fablicos est\u00e1 dispon\u00edvel no Portal da Transpar\u00eancia do Distrito Federal, de maneira detalhada e tamb\u00e9m no aplicativo para dispositivos m\u00f3veis, \u201cSiga Bras\u00edlia\u201d, em linguagem de f\u00e1cil compreens\u00e3o e poder\u00e3o ser acessados a partir do seguinte endere\u00e7o eletr\u00f4nico: Portal da Transpar\u00eancia do Distrito Federal \u2013 DF: https:\/\/www.transparencia.df.gov.br\/#\/servidores\/remuneracao Em atendimento [&hellip;]<\/p>\n","protected":false},"author":1,"featured_media":0,"parent":0,"menu_order":0,"comment_status":"closed","ping_status":"closed","template":"","meta":{"site-sidebar-layout":"no-sidebar","site-content-layout":"page-builder","ast-site-content-layout":"default","site-content-style":"default","site-sidebar-style":"default","ast-global-header-display":"","ast-banner-title-visibility":"","ast-main-header-display":"","ast-hfb-above-header-display":"","ast-hfb-below-header-display":"","ast-hfb-mobile-header-display":"","site-post-title":"disabled","ast-breadcrumbs-content":"","ast-featured-img":"disabled","footer-sml-layout":"","theme-transparent-header-meta":"","adv-header-id-meta":"","stick-header-meta":"","header-above-stick-meta":"","header-main-stick-meta":"","header-below-stick-meta":"","astra-migrate-meta-layouts":"default","ast-page-background-enabled":"default","ast-page-background-meta":{"desktop":{"background-color":"var(--ast-global-color-4)","background-image":"","background-repeat":"repeat","background-position":"center center","background-size":"auto","background-attachment":"scroll","background-type":"","background-media":"","overlay-type":"","overlay-color":"","overlay-opacity":"","overlay-gradient":""},"tablet":{"background-color":"","background-image":"","background-repeat":"repeat","background-position":"center center","background-size":"auto","background-attachment":"scroll","background-type":"","background-media":"","overlay-type":"","overlay-color":"","overlay-opacity":"","overlay-gradient":""},"mobile":{"background-color":"","background-image":"","background-repeat":"repeat","background-position":"center center","background-size":"auto","background-attachment":"scroll","background-type":"","background-media":"","overlay-type":"","overlay-color":"","overlay-opacity":"","overlay-gradient":""}},"ast-content-background-meta":{"desktop":{"background-color":"var(--ast-global-color-5)","background-image":"","background-repeat":"repeat","background-position":"center center","background-size":"auto","background-attachment":"scroll","background-type":"","background-media":"","overlay-type":"","overlay-color":"","overlay-opacity":"","overlay-gradient":""},"tablet":{"background-color":"var(--ast-global-color-5)","background-image":"","background-repeat":"repeat","background-position":"center center","background-size":"auto","background-attachment":"scroll","background-type":"","background-media":"","overlay-type":"","overlay-color":"","overlay-opacity":"","overlay-gradient":""},"mobile":{"background-color":"var(--ast-global-color-5)","background-image":"","background-repeat":"repeat","background-position":"center center","background-size":"auto","background-attachment":"scroll","background-type":"","background-media":"","overlay-type":"","overlay-color":"","overlay-opacity":"","overlay-gradient":""}},"footnotes":""},"class_list":["post-484","page","type-page","status-publish","hentry"],"_links":{"self":[{"href":"https:\/\/transparencia.defensoria.df.gov.br\/index.php?rest_route=\/wp\/v2\/pages\/484","targetHints":{"allow":["GET"]}}],"collection":[{"href":"https:\/\/transparencia.defensoria.df.gov.br\/index.php?rest_route=\/wp\/v2\/pages"}],"about":[{"href":"https:\/\/transparencia.defensoria.df.gov.br\/index.php?rest_route=\/wp\/v2\/types\/page"}],"author":[{"embeddable":true,"href":"https:\/\/transparencia.defensoria.df.gov.br\/index.php?rest_route=\/wp\/v2\/users\/1"}],"replies":[{"embeddable":true,"href":"https:\/\/transparencia.defensoria.df.gov.br\/index.php?rest_route=%2Fwp%2Fv2%2Fcomments&post=484"}],"version-history":[{"count":34,"href":"https:\/\/transparencia.defensoria.df.gov.br\/index.php?rest_route=\/wp\/v2\/pages\/484\/revisions"}],"predecessor-version":[{"id":4439,"href":"https:\/\/transparencia.defensoria.df.gov.br\/index.php?rest_route=\/wp\/v2\/pages\/484\/revisions\/4439"}],"wp:attachment":[{"href":"https:\/\/transparencia.defensoria.df.gov.br\/index.php?rest_route=%2Fwp%2Fv2%2Fmedia&parent=484"}],"curies":[{"name":"wp","href":"https:\/\/api.w.org\/{rel}","templated":true}]}}