{"id":8928,"date":"2025-04-04T17:23:20","date_gmt":"2025-04-04T20:23:20","guid":{"rendered":"https:\/\/transparencia.defensoria.df.gov.br\/?page_id=8928"},"modified":"2025-04-04T17:56:57","modified_gmt":"2025-04-04T20:56:57","slug":"dia-da-mulher","status":"publish","type":"page","link":"https:\/\/transparencia.defensoria.df.gov.br\/?page_id=8928","title":{"rendered":"Dia da Mulher"},"content":{"rendered":"\t\t<div data-elementor-type=\"wp-page\" data-elementor-id=\"8928\" class=\"elementor elementor-8928\" data-elementor-settings=\"{&quot;ha_cmc_init_switcher&quot;:&quot;no&quot;}\">\n\t\t\t\t\t\t<section class=\"elementor-section elementor-top-section elementor-element elementor-element-d529e3d elementor-section-boxed elementor-section-height-default elementor-section-height-default jltma-glass-effect-no\" data-id=\"d529e3d\" data-element_type=\"section\" data-e-type=\"section\" data-settings=\"{&quot;background_background&quot;:&quot;classic&quot;,&quot;_ha_eqh_enable&quot;:false}\">\n\t\t\t\t\t\t\t<div class=\"elementor-background-overlay\"><\/div>\n\t\t\t\t\t\t\t<div class=\"elementor-container elementor-column-gap-default\">\n\t\t\t\t\t<div class=\"elementor-column elementor-col-100 elementor-top-column elementor-element elementor-element-c546c0e jltma-glass-effect-no\" data-id=\"c546c0e\" data-element_type=\"column\" data-e-type=\"column\">\n\t\t\t<div class=\"elementor-widget-wrap\">\n\t\t\t\t\t\t\t<\/div>\n\t\t<\/div>\n\t\t\t\t\t<\/div>\n\t\t<\/section>\n\t\t\t\t<section class=\"elementor-section elementor-top-section elementor-element elementor-element-40582eb elementor-section-boxed elementor-section-height-default elementor-section-height-default jltma-glass-effect-no\" data-id=\"40582eb\" data-element_type=\"section\" data-e-type=\"section\" data-settings=\"{&quot;_ha_eqh_enable&quot;:false}\">\n\t\t\t\t\t\t<div class=\"elementor-container elementor-column-gap-default\">\n\t\t\t\t\t<div class=\"elementor-column elementor-col-100 elementor-top-column elementor-element elementor-element-0d5a308 jltma-glass-effect-no\" data-id=\"0d5a308\" data-element_type=\"column\" data-e-type=\"column\">\n\t\t\t<div class=\"elementor-widget-wrap elementor-element-populated\">\n\t\t\t\t\t\t<div class=\"elementor-element elementor-element-3475f69 jltma-glass-effect-no elementor-widget elementor-widget-text-editor\" data-id=\"3475f69\" data-element_type=\"widget\" data-e-type=\"widget\" data-widget_type=\"text-editor.default\">\n\t\t\t\t<div class=\"elementor-widget-container\">\n\t\t\t\t\t\t\t\t\t<p>\n<h3><strong>\n<p style=\"text-align: center;\">Atendimentos Dia da Mulher da Defensoria P\u00fablica do Distrito Federal<\/p><\/strong><\/h3>\n&nbsp;\n<font face=\"Arial\" size=\"2\">\n<table>\n<tbody>\n<tr>\n<td style=\"text-align: center;\" width=\"189\"><strong>EDI\u00c7\u00c3O<\/strong><\/td>\n<td style=\"text-align: center;\" width=\"189\"><strong>DATA<\/strong><\/td>\n<td style=\"text-align: center;\" width=\"189\"><strong>N\u00daMERO DE ATENDIMENTOS<\/strong><\/td>\n<\/tr>\n<tr>\n<td style=\"text-align: center;\" width=\"189\"><strong>1\u00aa Edi\u00e7\u00e3o &#8211; Maio Verde<\/strong><\/td>\n<td style=\"text-align: center;\" width=\"189\">02\/05\/2023<\/td>\n<td style=\"text-align: center;\" width=\"189\">500 atendimentos<\/td>\n<\/tr>\n<tr>\n<td style=\"text-align: center;\" width=\"189\"><strong>2\u00aa Edi\u00e7\u00e3o<\/strong><\/td>\n<td style=\"text-align: center;\" width=\"189\">05\/06\/2023<\/td>\n<td style=\"text-align: center;\" width=\"189\">500 atendimentos<\/td>\n<\/tr>\n<tr>\n<td style=\"text-align: center;\" width=\"189\"><strong>3\u00aa Edi\u00e7\u00e3o<\/strong><\/td>\n<td style=\"text-align: center;\" width=\"189\">03\/07\/2023<\/td>\n<td style=\"text-align: center;\" width=\"189\">520 atendimentos<\/td>\n<\/tr>\n<tr>\n<td style=\"text-align: center;\" width=\"189\"><strong>4\u00aa Edi\u00e7\u00e3o &#8211; Anivers\u00e1rio Da Lei Maria Da Penha<\/strong><\/td>\n<td style=\"text-align: center;\" width=\"189\">07\/08\/2023<\/td>\n<td style=\"text-align: center;\" width=\"189\">610 atendimentos<\/td>\n<\/tr>\n<tr>\n<td style=\"text-align: center;\" width=\"189\"><strong>5\u00aa Edi\u00e7\u00e3o<\/strong><\/td>\n<td style=\"text-align: center;\" width=\"189\">04\/09\/2023<\/td>\n<td style=\"text-align: center;\" width=\"189\">656 atendimentos<\/td>\n<\/tr>\n<tr>\n<td style=\"text-align: center;\" width=\"189\"><strong>6\u00aa Edi\u00e7\u00e3o &#8211; In\u00edcio Da Campanha Outubro Rosa De 2023)<\/strong><\/td>\n<td style=\"text-align: center;\" width=\"189\">02\/10\/2023<\/td>\n<td style=\"text-align: center;\" width=\"189\">780 atendimentos<\/td>\n<\/tr>\n<tr>\n<td style=\"text-align: center;\" width=\"189\"><strong>7\u00aa Edi\u00e7\u00e3o<\/strong><\/td>\n<td style=\"text-align: center;\" width=\"189\">06\/11\/2023<\/td>\n<td style=\"text-align: center;\" width=\"189\">368 atendimentos<\/td>\n<\/tr>\n<tr>\n<td style=\"text-align: center;\" width=\"189\"><strong>8\u00aa Edi\u00e7\u00e3o<\/strong><\/td>\n<td style=\"text-align: center;\" width=\"189\">04\/12\/2023<\/td>\n<td style=\"text-align: center;\" width=\"189\">600 atendimentos<\/td>\n<\/tr>\n<tr>\n<td style=\"text-align: center;\" width=\"189\"><strong>9\u00aa Edi\u00e7\u00e3o<\/strong><\/td>\n<td style=\"text-align: center;\" width=\"189\">05\/02\/2024<\/td>\n<td style=\"text-align: center;\" width=\"189\">995 atendimentos<\/td>\n<\/tr>\n<tr>\n<td style=\"text-align: center;\" width=\"189\"><strong>10\u00aa Edi\u00e7\u00e3o &#8211; Especial Dia Internacional da Mulher<\/strong><\/td>\n<td style=\"text-align: center;\" width=\"189\">08\/03\/2024<\/td>\n<td style=\"text-align: center;\" width=\"189\">2.000 atendimentos<\/td>\n<\/tr>\n<tr>\n<td style=\"text-align: center;\" width=\"189\"><strong>11\u00aa Edi\u00e7\u00e3o<\/strong><\/td>\n<td style=\"text-align: center;\" width=\"189\">01\/04\/2024<\/td>\n<td style=\"text-align: center;\" width=\"189\">2.832 atendimentos<\/td>\n<\/tr>\n<tr>\n<td style=\"text-align: center;\" width=\"189\"><strong>12\u00aa Edi\u00e7\u00e3o &#8211; Especial De 1 Ano<\/strong><\/td>\n<td style=\"text-align: center;\" width=\"189\">06\/05\/2024<\/td>\n<td style=\"text-align: center;\" width=\"189\">3.900 atendimentos<\/td>\n<\/tr>\n<tr>\n<td style=\"text-align: center;\" width=\"189\"><strong>13\u00aa Edi\u00e7\u00e3o<\/strong><\/td>\n<td style=\"text-align: center;\" width=\"189\">03\/06\/2024<\/td>\n<td style=\"text-align: center;\" width=\"189\">3.057 atendimentos<\/td>\n<\/tr>\n<tr>\n<td style=\"text-align: center;\" width=\"189\"><strong>14\u00aa Edi\u00e7\u00e3o<\/strong><\/td>\n<td style=\"text-align: center;\" width=\"189\">01\/07\/2024<\/td>\n<td style=\"text-align: center;\" width=\"189\">3.098 atendimentos<\/td>\n<\/tr>\n<tr>\n<td style=\"text-align: center;\" width=\"189\"><strong>15\u00aa Edi\u00e7\u00e3o<\/strong><\/td>\n<td style=\"text-align: center;\" width=\"189\">05\/08\/2024<\/td>\n<td style=\"text-align: center;\" width=\"189\">2.000 atendimentos<\/td>\n<\/tr>\n<tr>\n<td style=\"text-align: center;\" width=\"189\"><strong>16\u00aa Edi\u00e7\u00e3o<\/strong><\/td>\n<td style=\"text-align: center;\" width=\"189\">02\/09\/2024<\/td>\n<td style=\"text-align: center;\" width=\"189\">1.700 atendimentos<\/td>\n<\/tr>\n<tr>\n<td style=\"text-align: center;\" width=\"189\"><strong>17\u00aa Edi\u00e7\u00e3o<\/strong><\/td>\n<td style=\"text-align: center;\" width=\"189\">07\/10\/2024<\/td>\n<td style=\"text-align: center;\" width=\"189\">2.100 atendimentos<\/td>\n<\/tr>\n<tr>\n<td style=\"text-align: center;\" width=\"189\"><strong>18\u00aa Edi\u00e7\u00e3o<\/strong><\/td>\n<td style=\"text-align: center;\" width=\"189\">04\/11\/2024<\/td>\n<td style=\"text-align: center;\" width=\"189\">2.316 atendimentos<\/td>\n<\/tr>\n<tr>\n<td style=\"text-align: center;\" width=\"189\"><strong>19\u00aa Edi\u00e7\u00e3o<\/strong><\/td>\n<td style=\"text-align: center;\" width=\"189\">02\/12\/2024<\/td>\n<td style=\"text-align: center;\" width=\"189\">2.551 atendimentos<\/td>\n<\/tr>\n<tr>\n<td style=\"text-align: center;\" width=\"189\"><strong>20\u00aa Edi\u00e7\u00e3o<\/strong><\/td>\n<td style=\"text-align: center;\" width=\"189\">03\/02\/2025<\/td>\n<td style=\"text-align: center;\" width=\"189\">2.448 atendimentos<\/td>\n<\/tr>\n<tr>\n<td style=\"text-align: center;\" width=\"189\"><strong>21\u00aa Edi\u00e7\u00e3o<\/strong><\/td>\n<td style=\"text-align: center;\" width=\"189\">10\/03\/2025<\/td>\n<td style=\"text-align: center;\" width=\"189\">2.259 atendimentos<\/td>\n<\/tr>\n<tr>\n<td style=\"text-align: center;\" colspan=\"2\" width=\"377\"><strong>Total: <\/strong><\/td>\n<td style=\"text-align: center;\" width=\"189\"><strong>35.790 atendimentos em 21 edi\u00e7\u00f5es.<\/strong><\/td>\n<\/tr>\n<\/tbody>\n<\/table>\n<\/font>\n&nbsp;\t\t\t\t\t\t\t\t<\/div>\n\t\t\t\t<\/div>\n\t\t\t\t\t<\/div>\n\t\t<\/div>\n\t\t\t\t\t<\/div>\n\t\t<\/section>\n\t\t\t\t<\/div>\n\t\t","protected":false},"excerpt":{"rendered":"<p>Atendimentos Dia da Mulher da Defensoria P\u00fablica do Distrito Federal &nbsp; EDI\u00c7\u00c3O DATA N\u00daMERO DE ATENDIMENTOS 1\u00aa Edi\u00e7\u00e3o &#8211; Maio Verde 02\/05\/2023 500 atendimentos 2\u00aa Edi\u00e7\u00e3o 05\/06\/2023 500 atendimentos 3\u00aa Edi\u00e7\u00e3o 03\/07\/2023 520 atendimentos 4\u00aa Edi\u00e7\u00e3o &#8211; Anivers\u00e1rio Da Lei Maria Da Penha 07\/08\/2023 610 atendimentos 5\u00aa Edi\u00e7\u00e3o 04\/09\/2023 656 atendimentos 6\u00aa Edi\u00e7\u00e3o &#8211; In\u00edcio [&hellip;]<\/p>\n","protected":false},"author":8,"featured_media":0,"parent":0,"menu_order":0,"comment_status":"closed","ping_status":"closed","template":"","meta":{"site-sidebar-layout":"no-sidebar","site-content-layout":"page-builder","ast-site-content-layout":"full-width-container","site-content-style":"unboxed","site-sidebar-style":"unboxed","ast-global-header-display":"","ast-banner-title-visibility":"","ast-main-header-display":"","ast-hfb-above-header-display":"","ast-hfb-below-header-display":"","ast-hfb-mobile-header-display":"","site-post-title":"disabled","ast-breadcrumbs-content":"","ast-featured-img":"disabled","footer-sml-layout":"","theme-transparent-header-meta":"","adv-header-id-meta":"","stick-header-meta":"","header-above-stick-meta":"","header-main-stick-meta":"","header-below-stick-meta":"","astra-migrate-meta-layouts":"set","ast-page-background-enabled":"default","ast-page-background-meta":{"desktop":{"background-color":"var(--ast-global-color-4)","background-image":"","background-repeat":"repeat","background-position":"center center","background-size":"auto","background-attachment":"scroll","background-type":"","background-media":"","overlay-type":"","overlay-color":"","overlay-opacity":"","overlay-gradient":""},"tablet":{"background-color":"","background-image":"","background-repeat":"repeat","background-position":"center center","background-size":"auto","background-attachment":"scroll","background-type":"","background-media":"","overlay-type":"","overlay-color":"","overlay-opacity":"","overlay-gradient":""},"mobile":{"background-color":"","background-image":"","background-repeat":"repeat","background-position":"center center","background-size":"auto","background-attachment":"scroll","background-type":"","background-media":"","overlay-type":"","overlay-color":"","overlay-opacity":"","overlay-gradient":""}},"ast-content-background-meta":{"desktop":{"background-color":"var(--ast-global-color-5)","background-image":"","background-repeat":"repeat","background-position":"center center","background-size":"auto","background-attachment":"scroll","background-type":"","background-media":"","overlay-type":"","overlay-color":"","overlay-opacity":"","overlay-gradient":""},"tablet":{"background-color":"var(--ast-global-color-5)","background-image":"","background-repeat":"repeat","background-position":"center center","background-size":"auto","background-attachment":"scroll","background-type":"","background-media":"","overlay-type":"","overlay-color":"","overlay-opacity":"","overlay-gradient":""},"mobile":{"background-color":"var(--ast-global-color-5)","background-image":"","background-repeat":"repeat","background-position":"center center","background-size":"auto","background-attachment":"scroll","background-type":"","background-media":"","overlay-type":"","overlay-color":"","overlay-opacity":"","overlay-gradient":""}},"footnotes":""},"class_list":["post-8928","page","type-page","status-publish","hentry"],"_links":{"self":[{"href":"https:\/\/transparencia.defensoria.df.gov.br\/index.php?rest_route=\/wp\/v2\/pages\/8928","targetHints":{"allow":["GET"]}}],"collection":[{"href":"https:\/\/transparencia.defensoria.df.gov.br\/index.php?rest_route=\/wp\/v2\/pages"}],"about":[{"href":"https:\/\/transparencia.defensoria.df.gov.br\/index.php?rest_route=\/wp\/v2\/types\/page"}],"author":[{"embeddable":true,"href":"https:\/\/transparencia.defensoria.df.gov.br\/index.php?rest_route=\/wp\/v2\/users\/8"}],"replies":[{"embeddable":true,"href":"https:\/\/transparencia.defensoria.df.gov.br\/index.php?rest_route=%2Fwp%2Fv2%2Fcomments&post=8928"}],"version-history":[{"count":46,"href":"https:\/\/transparencia.defensoria.df.gov.br\/index.php?rest_route=\/wp\/v2\/pages\/8928\/revisions"}],"predecessor-version":[{"id":9007,"href":"https:\/\/transparencia.defensoria.df.gov.br\/index.php?rest_route=\/wp\/v2\/pages\/8928\/revisions\/9007"}],"wp:attachment":[{"href":"https:\/\/transparencia.defensoria.df.gov.br\/index.php?rest_route=%2Fwp%2Fv2%2Fmedia&parent=8928"}],"curies":[{"name":"wp","href":"https:\/\/api.w.org\/{rel}","templated":true}]}}